{"id":25,"date":"2026-05-09T14:19:01","date_gmt":"2026-05-09T12:19:01","guid":{"rendered":"http:\/\/karolinawilkstrawa.pl\/?page_id=25"},"modified":"2026-05-09T14:19:01","modified_gmt":"2026-05-09T12:19:01","slug":"o-mnie","status":"publish","type":"page","link":"https:\/\/karolinawilkstrawa.pl\/index.php\/o-mnie\/","title":{"rendered":"O mnie"},"content":{"rendered":"\n<div class=\"wp-block-group alignfull is-style-ext-preset--group--natural-1--section has-background-background-color has-background has-global-padding is-layout-constrained wp-container-core-group-is-layout-843e5a6d wp-block-group-is-layout-constrained\" style=\"margin-top:0;margin-bottom:0;padding-top:var(--wp--preset--spacing--70);padding-bottom:var(--wp--preset--spacing--70)\">\n<figure class=\"wp-block-image is-style-ext-preset-image-natural-1-image-1--content-any is-style-ext-preset--image--natural-1--image-1--content-any ext-animate--on extendify-image-import\"><img decoding=\"async\" src=\"https:\/\/images.unsplash.com\/photo-1658225595905-7bd75d10a265?fit=crop&amp;crop=entropy%2Cfaces&amp;auto=format%2Ccompress&amp;w=1280\" alt=\"\" style=\"aspect-ratio:16\/9;object-fit:cover\"\/><\/figure>\n\n\n\n<h1 class=\"wp-block-heading has-text-align-center ext-animate--on\">Odkryj nasz\u0105 misj\u0119 i wizj\u0119 przysz\u0142ego sukcesu.<\/h1>\n\n\n\n<p class=\"has-text-align-center ext-animate--on\" style=\"margin-top:1.5rem\">Ta sekcja podkre\u015bla misj\u0119 i warto\u015bci Twojej firmy, oferuj\u0105c zwi\u0119z\u0142y przegl\u0105d jej cel\u00f3w i celu. Zapewnia wgl\u0105d w wizj\u0119, kt\u00f3ra kieruje decyzjami biznesowymi i kierunkiem Twojej dzia\u0142alno\u015bci.<\/p>\n<\/div>\n\n\n\n<div class=\"wp-block-group has-global-padding is-layout-constrained wp-block-group-is-layout-constrained\">\n<div class=\"wp-block-group is-vertical is-layout-flex wp-container-core-group-is-layout-fe9cc265 wp-block-group-is-layout-flex\">\n<p><\/p>\n<\/div>\n<\/div>\n","protected":false},"excerpt":{"rendered":"<p>Odkryj nasz\u0105 misj\u0119 i wizj\u0119 przysz\u0142ego sukcesu. Ta sekcja podkre\u015bla misj\u0119 i warto\u015bci Twojej firmy, oferuj\u0105c zwi\u0119z\u0142y przegl\u0105d jej cel\u00f3w i celu. Zapewnia wgl\u0105d w wizj\u0119, kt\u00f3ra kieruje decyzjami biznesowymi i kierunkiem Twojej dzia\u0142alno\u015bci.<\/p>\n","protected":false},"author":2,"featured_media":0,"parent":0,"menu_order":0,"comment_status":"closed","ping_status":"closed","template":"page-with-title","meta":{"footnotes":""},"class_list":["post-25","page","type-page","status-publish","hentry"],"_links":{"self":[{"href":"https:\/\/karolinawilkstrawa.pl\/index.php\/wp-json\/wp\/v2\/pages\/25","targetHints":{"allow":["GET"]}}],"collection":[{"href":"https:\/\/karolinawilkstrawa.pl\/index.php\/wp-json\/wp\/v2\/pages"}],"about":[{"href":"https:\/\/karolinawilkstrawa.pl\/index.php\/wp-json\/wp\/v2\/types\/page"}],"author":[{"embeddable":true,"href":"https:\/\/karolinawilkstrawa.pl\/index.php\/wp-json\/wp\/v2\/users\/2"}],"replies":[{"embeddable":true,"href":"https:\/\/karolinawilkstrawa.pl\/index.php\/wp-json\/wp\/v2\/comments?post=25"}],"version-history":[{"count":1,"href":"https:\/\/karolinawilkstrawa.pl\/index.php\/wp-json\/wp\/v2\/pages\/25\/revisions"}],"predecessor-version":[{"id":26,"href":"https:\/\/karolinawilkstrawa.pl\/index.php\/wp-json\/wp\/v2\/pages\/25\/revisions\/26"}],"wp:attachment":[{"href":"https:\/\/karolinawilkstrawa.pl\/index.php\/wp-json\/wp\/v2\/media?parent=25"}],"curies":[{"name":"wp","href":"https:\/\/api.w.org\/{rel}","templated":true}]}}