{"id":10,"date":"2026-05-09T14:01:37","date_gmt":"2026-05-09T12:01:37","guid":{"rendered":"http:\/\/karolinawilkstrawa.pl\/?page_id=10"},"modified":"2026-05-09T14:05:51","modified_gmt":"2026-05-09T12:05:51","slug":"przerwa-techniczna","status":"publish","type":"page","link":"https:\/\/karolinawilkstrawa.pl\/","title":{"rendered":"Przerwa techniczna"},"content":{"rendered":"\n<div class=\"wp-block-group alignfull is-style-ext-preset--group--natural-1--section has-background-background-color has-background has-global-padding is-layout-constrained wp-block-group-is-layout-constrained\" style=\"margin-top:0;margin-bottom:0;padding-top:var(--wp--preset--spacing--70);padding-bottom:var(--wp--preset--spacing--70)\">\n<div class=\"wp-block-columns alignwide are-vertically-aligned-center is-layout-flex wp-container-core-columns-is-layout-13e2ef3f wp-block-columns-is-layout-flex\">\n<div class=\"wp-block-column is-vertically-aligned-center is-layout-flow wp-block-column-is-layout-flow\">\n<h1 class=\"wp-block-heading ext-animate--on has-x-large-font-size\">Przepraszamy, trwa przerwa techniczna. Wr\u00f3\u0107 za chwil\u0119.<\/h1>\n\n\n\n<p class=\"ext-animate--on\" style=\"margin-top:1.5rem\">Obecnie prowadzimy prace techniczne, aby poprawi\u0107 funkcjonowanie strony. Dzi\u0119kujemy za cierpliwo\u015b\u0107 i zapraszamy wkr\u00f3tce.<\/p>\n<\/div>\n\n\n\n<div class=\"wp-block-column is-vertically-aligned-center is-layout-flow wp-block-column-is-layout-flow\">\n<figure class=\"wp-block-image is-style-ext-preset--image--natural-1--image-1--content-right ext-animate--on extendify-image-import\"><img decoding=\"async\" src=\"https:\/\/images.unsplash.com\/photo-1593642634524-b40b5baae6bb?ixid=M3w0MzUxNjF8MHwxfHNlYXJjaHw2fHx0ZWNobmljYWwlMjB3b3JrfGVufDB8fHx8MTc3ODA2OTY2NHww&amp;ixlib=rb-4.1.0&amp;orientation=landscape?fit=crop&amp;crop=entropy%2Cfaces&amp;auto=format%2Ccompress&amp;w=1280\" alt=\"\" style=\"aspect-ratio:4\/3;object-fit:cover\"\/><\/figure>\n<\/div>\n<\/div>\n<\/div>\n\n\n\n<style>\nheader, footer {\ndisplay: none !important;\n}\n<\/style>\n","protected":false},"excerpt":{"rendered":"<p>Przepraszamy, trwa przerwa techniczna. Wr\u00f3\u0107 za chwil\u0119. Obecnie prowadzimy prace techniczne, aby poprawi\u0107 funkcjonowanie strony. Dzi\u0119kujemy za cierpliwo\u015b\u0107 i zapraszamy wkr\u00f3tce.<\/p>\n","protected":false},"author":2,"featured_media":0,"parent":0,"menu_order":0,"comment_status":"closed","ping_status":"closed","template":"page-with-title","meta":{"footnotes":""},"class_list":["post-10","page","type-page","status-publish","hentry"],"_links":{"self":[{"href":"https:\/\/karolinawilkstrawa.pl\/index.php\/wp-json\/wp\/v2\/pages\/10","targetHints":{"allow":["GET"]}}],"collection":[{"href":"https:\/\/karolinawilkstrawa.pl\/index.php\/wp-json\/wp\/v2\/pages"}],"about":[{"href":"https:\/\/karolinawilkstrawa.pl\/index.php\/wp-json\/wp\/v2\/types\/page"}],"author":[{"embeddable":true,"href":"https:\/\/karolinawilkstrawa.pl\/index.php\/wp-json\/wp\/v2\/users\/2"}],"replies":[{"embeddable":true,"href":"https:\/\/karolinawilkstrawa.pl\/index.php\/wp-json\/wp\/v2\/comments?post=10"}],"version-history":[{"count":7,"href":"https:\/\/karolinawilkstrawa.pl\/index.php\/wp-json\/wp\/v2\/pages\/10\/revisions"}],"predecessor-version":[{"id":18,"href":"https:\/\/karolinawilkstrawa.pl\/index.php\/wp-json\/wp\/v2\/pages\/10\/revisions\/18"}],"wp:attachment":[{"href":"https:\/\/karolinawilkstrawa.pl\/index.php\/wp-json\/wp\/v2\/media?parent=10"}],"curies":[{"name":"wp","href":"https:\/\/api.w.org\/{rel}","templated":true}]}}